{"id":11840,"date":"2021-02-05T22:38:48","date_gmt":"2021-02-06T02:38:48","guid":{"rendered":"https:\/\/iap5.org\/?page_id=11840"},"modified":"2021-11-28T12:23:47","modified_gmt":"2021-11-28T16:23:47","slug":"mayordomia","status":"publish","type":"page","link":"https:\/\/iap5.org\/index.php\/mayordomia\/","title":{"rendered":"Mayordom\u00eda"},"content":{"rendered":"\t\t<div data-elementor-type=\"wp-page\" data-elementor-id=\"11840\" class=\"elementor elementor-11840\" data-elementor-post-type=\"page\">\n\t\t\t\t\t\t<section class=\"elementor-section elementor-top-section elementor-element elementor-element-393ccca elementor-section-boxed elementor-section-height-default elementor-section-height-default\" data-id=\"393ccca\" data-element_type=\"section\" data-e-type=\"section\">\n\t\t\t\t\t\t<div class=\"elementor-container elementor-column-gap-default\">\n\t\t\t\t\t<div class=\"elementor-column elementor-col-100 elementor-top-column elementor-element elementor-element-5480f5c\" data-id=\"5480f5c\" data-element_type=\"column\" data-e-type=\"column\">\n\t\t\t<div class=\"elementor-widget-wrap elementor-element-populated\">\n\t\t\t\t\t\t<div class=\"elementor-element elementor-element-46bcaa5 elementor-arrows-position-inside elementor-pagination-position-outside elementor-widget elementor-widget-image-carousel\" data-id=\"46bcaa5\" data-element_type=\"widget\" data-e-type=\"widget\" data-settings=\"{&quot;slides_to_show&quot;:&quot;1&quot;,&quot;navigation&quot;:&quot;both&quot;,&quot;autoplay&quot;:&quot;yes&quot;,&quot;pause_on_hover&quot;:&quot;yes&quot;,&quot;pause_on_interaction&quot;:&quot;yes&quot;,&quot;autoplay_speed&quot;:5000,&quot;infinite&quot;:&quot;yes&quot;,&quot;effect&quot;:&quot;slide&quot;,&quot;speed&quot;:500}\" data-widget_type=\"image-carousel.default\">\n\t\t\t\t<div class=\"elementor-widget-container\">\n\t\t\t\t\t\t\t<div class=\"elementor-image-carousel-wrapper swiper\" role=\"region\" aria-roledescription=\"carousel\" aria-label=\"Image Carousel\" dir=\"ltr\">\n\t\t\t<div class=\"elementor-image-carousel swiper-wrapper\" aria-live=\"off\">\n\t\t\t\t\t\t\t\t<div class=\"swiper-slide\" role=\"group\" aria-roledescription=\"slide\" aria-label=\"1 of 1\"><figure class=\"swiper-slide-inner\"><img decoding=\"async\" class=\"swiper-slide-image\" src=\"https:\/\/i0.wp.com\/iap5.org\/wp-content\/uploads\/2018\/03\/Mayordomia.jpg?fit=1920%2C700&amp;ssl=1\" alt=\"Mayordom\u00eda\" \/><\/figure><\/div>\t\t\t<\/div>\n\t\t\t\t\t<\/div>\n\t\t\t\t\t\t<\/div>\n\t\t\t\t<\/div>\n\t\t\t\t<div class=\"elementor-element elementor-element-1704240 elementor-widget elementor-widget-text-editor\" data-id=\"1704240\" data-element_type=\"widget\" data-e-type=\"widget\" data-widget_type=\"text-editor.default\">\n\t\t\t\t<div class=\"elementor-widget-container\">\n\t\t\t\t\t\t\t\t\t<p>El Departamento Ministerios de Mayordom\u00eda de la Divisi\u00f3n Interamericana, existe con el prop\u00f3sito de ayudar a cada creyente a identificar con precisi\u00f3n B\u00edblica cu\u00e1l es su papel en el proceso del establecimiento y consumaci\u00f3n del reino de Cristo. El reino de los cielos es un tesoro; el m\u00e1s grande, y Ministerios de Mayordom\u00eda sirve con el prop\u00f3sito de ayudarle a asegurar su parte y eterna herencia en ese reino.<\/p><p><strong>MISI\u00d3N:\u00a0<\/strong>Desarrollar el potencial de cada disc\u00edpulo de Cristo a fin de asegurar la pronta consumaci\u00f3n del reino de los cielos.<\/p><p><strong>VISI\u00d3N:\u00a0<\/strong>Todo lo que soy y todo lo que tengo, ofrecido en el altar del servicio a Cristo.<\/p>\t\t\t\t\t\t\t\t<\/div>\n\t\t\t\t<\/div>\n\t\t\t\t\t<\/div>\n\t\t<\/div>\n\t\t\t\t\t<\/div>\n\t\t<\/section>\n\t\t\t\t<\/div>\n\t\t","protected":false},"excerpt":{"rendered":"<p>El Departamento Ministerios de Mayordom\u00eda de la Divisi\u00f3n Interamericana, existe con el prop\u00f3sito de ayudar a cada creyente a identificar con precisi\u00f3n B\u00edblica cu\u00e1l es su papel en el proceso del establecimiento y consumaci\u00f3n del reino de Cristo. El reino de los cielos es un tesoro; el m\u00e1s grande, y Ministerios de Mayordom\u00eda sirve con [&hellip;]<\/p>\n","protected":false},"author":1,"featured_media":0,"parent":0,"menu_order":0,"comment_status":"closed","ping_status":"closed","template":"","meta":{"footnotes":""},"class_list":["post-11840","page","type-page","status-publish","hentry"],"jetpack_sharing_enabled":true,"_links":{"self":[{"href":"https:\/\/iap5.org\/index.php\/wp-json\/wp\/v2\/pages\/11840","targetHints":{"allow":["GET"]}}],"collection":[{"href":"https:\/\/iap5.org\/index.php\/wp-json\/wp\/v2\/pages"}],"about":[{"href":"https:\/\/iap5.org\/index.php\/wp-json\/wp\/v2\/types\/page"}],"author":[{"embeddable":true,"href":"https:\/\/iap5.org\/index.php\/wp-json\/wp\/v2\/users\/1"}],"replies":[{"embeddable":true,"href":"https:\/\/iap5.org\/index.php\/wp-json\/wp\/v2\/comments?post=11840"}],"version-history":[{"count":7,"href":"https:\/\/iap5.org\/index.php\/wp-json\/wp\/v2\/pages\/11840\/revisions"}],"predecessor-version":[{"id":12133,"href":"https:\/\/iap5.org\/index.php\/wp-json\/wp\/v2\/pages\/11840\/revisions\/12133"}],"wp:attachment":[{"href":"https:\/\/iap5.org\/index.php\/wp-json\/wp\/v2\/media?parent=11840"}],"curies":[{"name":"wp","href":"https:\/\/api.w.org\/{rel}","templated":true}]}}