{"id":11832,"date":"2021-02-04T21:22:40","date_gmt":"2021-02-05T01:22:40","guid":{"rendered":"https:\/\/iap5.org\/?page_id=11832"},"modified":"2024-12-04T13:42:06","modified_gmt":"2024-12-04T17:42:06","slug":"comunicacion","status":"publish","type":"page","link":"https:\/\/iap5.org\/index.php\/comunicacion\/","title":{"rendered":"Comunicaci\u00f3n"},"content":{"rendered":"\t\t<div data-elementor-type=\"wp-page\" data-elementor-id=\"11832\" class=\"elementor elementor-11832\" data-elementor-post-type=\"page\">\n\t\t\t\t\t\t<section class=\"elementor-section elementor-top-section elementor-element elementor-element-e101af7 elementor-section-boxed elementor-section-height-default elementor-section-height-default\" data-id=\"e101af7\" data-element_type=\"section\" data-e-type=\"section\">\n\t\t\t\t\t\t<div class=\"elementor-container elementor-column-gap-default\">\n\t\t\t\t\t<div class=\"elementor-column elementor-col-100 elementor-top-column elementor-element elementor-element-fe20fd1\" data-id=\"fe20fd1\" data-element_type=\"column\" data-e-type=\"column\">\n\t\t\t<div class=\"elementor-widget-wrap elementor-element-populated\">\n\t\t\t\t\t\t<div class=\"elementor-element elementor-element-996e0b0 elementor-arrows-position-inside elementor-pagination-position-outside elementor-widget elementor-widget-image-carousel\" data-id=\"996e0b0\" data-element_type=\"widget\" data-e-type=\"widget\" data-settings=\"{&quot;navigation&quot;:&quot;both&quot;,&quot;autoplay&quot;:&quot;yes&quot;,&quot;pause_on_hover&quot;:&quot;yes&quot;,&quot;pause_on_interaction&quot;:&quot;yes&quot;,&quot;autoplay_speed&quot;:5000,&quot;infinite&quot;:&quot;yes&quot;,&quot;speed&quot;:500}\" data-widget_type=\"image-carousel.default\">\n\t\t\t\t<div class=\"elementor-widget-container\">\n\t\t\t\t\t\t\t<div class=\"elementor-image-carousel-wrapper swiper\" role=\"region\" aria-roledescription=\"carousel\" aria-label=\"Image Carousel\" dir=\"ltr\">\n\t\t\t<div class=\"elementor-image-carousel swiper-wrapper\" aria-live=\"off\">\n\t\t\t\t\t\t\t\t<div class=\"swiper-slide\" role=\"group\" aria-roledescription=\"slide\" aria-label=\"1 of 1\"><figure class=\"swiper-slide-inner\"><img decoding=\"async\" class=\"swiper-slide-image\" src=\"https:\/\/i0.wp.com\/iap5.org\/wp-content\/uploads\/2018\/03\/Slider-de-WP-IAP5.ORG_-1.jpg?fit=1920%2C700&amp;ssl=1\" alt=\"Slider de WP IAP5.ORG\" \/><\/figure><\/div>\t\t\t<\/div>\n\t\t\t\t\t<\/div>\n\t\t\t\t\t\t<\/div>\n\t\t\t\t<\/div>\n\t\t\t\t<div class=\"elementor-element elementor-element-e6771bf elementor-widget elementor-widget-text-editor\" data-id=\"e6771bf\" data-element_type=\"widget\" data-e-type=\"widget\" data-widget_type=\"text-editor.default\">\n\t\t\t\t<div class=\"elementor-widget-container\">\n\t\t\t\t\t\t\t\t\t<p>El Departamento de Comunicaci\u00f3n funge en calidad de facilitador en favor de la administraci\u00f3n y todos los departamentos de la iglesia en su labor de testificaci\u00f3n ante la comunidad, ayudando a enviar su mensaje de esperanza al mundo.<\/p><p>Para lograrlo, el departamento utiliza todos los medios disponibles y produce contenidos relevantes para los diferentes p\u00fablicos, tanto internos como externos.<\/p><p><strong>MISI\u00d3N:\u00a0<\/strong>\u201cConstruyendo Puentes de Esperanza\u201d<\/p><p><strong>VISI\u00d3N:\u00a0<\/strong>Crear una imagen favorable de la iglesia, su misi\u00f3n, vida y actividades de testificaci\u00f3n, utilizando los m\u00e1s efectivos medios de comunicaci\u00f3n.<\/p><p><strong>PROP\u00d3SITO:\u00a0<\/strong>Dar a conocer en forma entusiasta y amante, el mensaje de los tres \u00e1ngeles de Apocalipsis 14, en forma tal que las personas sean atra\u00eddas a Jesucristo y elijan seguirlo.<\/p><p>El efecto deseado de nuestra misi\u00f3n y actividades es crear una imagen favorable de la iglesia, de su misi\u00f3n, vida y actividades; y de testificar a fin de que muchos puedan seguir a Cristo y convertirse en miembros de su iglesia.<\/p>\t\t\t\t\t\t\t\t<\/div>\n\t\t\t\t<\/div>\n\t\t\t\t\t<\/div>\n\t\t<\/div>\n\t\t\t\t\t<\/div>\n\t\t<\/section>\n\t\t\t\t<\/div>\n\t\t","protected":false},"excerpt":{"rendered":"<p>ED supplements can improve erectile function, supporting blood flow and hormonal balance. These include PDE5 inhibitors, available in branded and generic forms, which enhance nitric oxide effects in penile tissues. Consult healthcare professionals to determine appropriate options and potential interactions, ensuring safety and efficacy. El Departamento de Comunicaci\u00f3n funge en calidad de facilitador en favor [&hellip;]<\/p>\n","protected":false},"author":1,"featured_media":0,"parent":0,"menu_order":0,"comment_status":"closed","ping_status":"closed","template":"","meta":{"footnotes":""},"class_list":["post-11832","page","type-page","status-publish","hentry"],"jetpack_sharing_enabled":true,"_links":{"self":[{"href":"https:\/\/iap5.org\/index.php\/wp-json\/wp\/v2\/pages\/11832","targetHints":{"allow":["GET"]}}],"collection":[{"href":"https:\/\/iap5.org\/index.php\/wp-json\/wp\/v2\/pages"}],"about":[{"href":"https:\/\/iap5.org\/index.php\/wp-json\/wp\/v2\/types\/page"}],"author":[{"embeddable":true,"href":"https:\/\/iap5.org\/index.php\/wp-json\/wp\/v2\/users\/1"}],"replies":[{"embeddable":true,"href":"https:\/\/iap5.org\/index.php\/wp-json\/wp\/v2\/comments?post=11832"}],"version-history":[{"count":5,"href":"https:\/\/iap5.org\/index.php\/wp-json\/wp\/v2\/pages\/11832\/revisions"}],"predecessor-version":[{"id":13538,"href":"https:\/\/iap5.org\/index.php\/wp-json\/wp\/v2\/pages\/11832\/revisions\/13538"}],"wp:attachment":[{"href":"https:\/\/iap5.org\/index.php\/wp-json\/wp\/v2\/media?parent=11832"}],"curies":[{"name":"wp","href":"https:\/\/api.w.org\/{rel}","templated":true}]}}