{"id":11795,"date":"2021-01-29T23:10:20","date_gmt":"2021-01-30T03:10:20","guid":{"rendered":"https:\/\/iap5.org\/?page_id=11795"},"modified":"2021-11-28T12:23:38","modified_gmt":"2021-11-28T16:23:38","slug":"ministerio-de-la-familia","status":"publish","type":"page","link":"https:\/\/iap5.org\/index.php\/ministerio-de-la-familia\/","title":{"rendered":"Ministerio de la Familia"},"content":{"rendered":"\t\t<div data-elementor-type=\"wp-page\" data-elementor-id=\"11795\" class=\"elementor elementor-11795\" data-elementor-post-type=\"page\">\n\t\t\t\t\t\t<section class=\"elementor-section elementor-top-section elementor-element elementor-element-03c9893 elementor-section-boxed elementor-section-height-default elementor-section-height-default\" data-id=\"03c9893\" data-element_type=\"section\" data-e-type=\"section\">\n\t\t\t\t\t\t<div class=\"elementor-container elementor-column-gap-default\">\n\t\t\t\t\t<div class=\"elementor-column elementor-col-100 elementor-top-column elementor-element elementor-element-2a292e7\" data-id=\"2a292e7\" data-element_type=\"column\" data-e-type=\"column\">\n\t\t\t<div class=\"elementor-widget-wrap elementor-element-populated\">\n\t\t\t\t\t\t<div class=\"elementor-element elementor-element-3bbd122 elementor-widget elementor-widget-image-carousel\" data-id=\"3bbd122\" data-element_type=\"widget\" data-e-type=\"widget\" data-settings=\"{&quot;navigation&quot;:&quot;none&quot;,&quot;slides_to_show&quot;:&quot;1&quot;,&quot;autoplay&quot;:&quot;yes&quot;,&quot;pause_on_hover&quot;:&quot;yes&quot;,&quot;pause_on_interaction&quot;:&quot;yes&quot;,&quot;autoplay_speed&quot;:5000,&quot;infinite&quot;:&quot;yes&quot;,&quot;effect&quot;:&quot;slide&quot;,&quot;speed&quot;:500}\" data-widget_type=\"image-carousel.default\">\n\t\t\t\t<div class=\"elementor-widget-container\">\n\t\t\t\t\t\t\t<div class=\"elementor-image-carousel-wrapper swiper\" role=\"region\" aria-roledescription=\"carousel\" aria-label=\"Image Carousel\" dir=\"ltr\">\n\t\t\t<div class=\"elementor-image-carousel swiper-wrapper\" aria-live=\"off\">\n\t\t\t\t\t\t\t\t<div class=\"swiper-slide\" role=\"group\" aria-roledescription=\"slide\" aria-label=\"1 of 1\"><figure class=\"swiper-slide-inner\"><img decoding=\"async\" class=\"swiper-slide-image\" src=\"https:\/\/i0.wp.com\/iap5.org\/wp-content\/uploads\/2018\/03\/Hogar-y-Familia.jpg?fit=1920%2C700&amp;ssl=1\" alt=\"Hogar y Familia\" \/><\/figure><\/div>\t\t\t<\/div>\n\t\t\t\t\t<\/div>\n\t\t\t\t\t\t<\/div>\n\t\t\t\t<\/div>\n\t\t\t\t\t<\/div>\n\t\t<\/div>\n\t\t\t\t\t<\/div>\n\t\t<\/section>\n\t\t\t\t<section class=\"elementor-section elementor-top-section elementor-element elementor-element-89a996f elementor-section-boxed elementor-section-height-default elementor-section-height-default\" data-id=\"89a996f\" data-element_type=\"section\" data-e-type=\"section\">\n\t\t\t\t\t\t<div class=\"elementor-container elementor-column-gap-default\">\n\t\t\t\t\t<div class=\"elementor-column elementor-col-100 elementor-top-column elementor-element elementor-element-fdd9535\" data-id=\"fdd9535\" data-element_type=\"column\" data-e-type=\"column\">\n\t\t\t<div class=\"elementor-widget-wrap elementor-element-populated\">\n\t\t\t\t\t\t<div class=\"elementor-element elementor-element-eb956b3 elementor-widget elementor-widget-text-editor\" data-id=\"eb956b3\" data-element_type=\"widget\" data-e-type=\"widget\" data-widget_type=\"text-editor.default\">\n\t\t\t\t<div class=\"elementor-widget-container\">\n\t\t\t\t\t\t\t\t\t<p><strong>DECLARACI\u00d3N DE MISI\u00d3N<br \/><\/strong>El Departamento de Ministerios de la Familia busca fortalecer, inspirar esperanza y traer la curaci\u00f3n a los matrimonios, familias y a individuos a trav\u00e9s del amor abundante y gracia salvadora de Cristo Jes\u00fas.<\/p><p><strong>DECLARACI\u00d3N DE VISI\u00d3N<br \/><\/strong>Preparar a familias para el Reino de Dios para ayudar a acelerar la venida de Cristo Jes\u00fas.<\/p><p><strong>OBJETIVOS<br \/><\/strong>Reconociendo la fuerza y el apoyo mutuos que la iglesia debe representar para el hogar y el hogar para la iglesia, si es que se va a convertir en una realidad la misi\u00f3n de la iglesia, el Departamento del Ministerio de la Familia ha adoptado los objetivos siguientes:<\/p><p>1. Proclamar el mensaje reanimador y restaurador del evangelio eterno dentro del contexto de la vida familiar. Cristo es y debe ser reconocido como el Salvador y Cabeza de cada hogar. En \u00e9l, los miembros de la familia est\u00e1n en paz con Dios y los unos con los otros. Al acercarse a \u00e9l, se acercan unos a otros en amor, esp\u00edritu de perd\u00f3n, reconciliaci\u00f3n, restauraci\u00f3n y renovaci\u00f3n.<\/p><p>2. Reafirmar y fortalecer a cada familia adventista como la unidad elemental dentro del discipulado. El prop\u00f3sito del Departamento del Ministerio de la Familia es que se logre una comprensi\u00f3n m\u00e1s profunda de la dimensi\u00f3n correlativa de ser y de hacer disc\u00edpulos y el de fortalecer a los miembros de la familia para hacer disc\u00edpulos dentro de la familia. Se ve a la pareja matrimonial como la unidad primaria de la familia. El departamento desea proveer a las parejas y a las familias acceso a oportunidades de educaci\u00f3n, mejoramiento y orientaci\u00f3n a fin de incrementar el desarrollo de las habilidades de vinculaci\u00f3n arm\u00f3nica necesarias para la efectiva labor del discipulado mutuo y el crecimiento \u00f3ptimo de un matrimonio cristiano, de las relaciones filiales y familiares en un c\u00edrculo m\u00e1s amplio.<\/p><p>3. Capacitar a los padres y a las familias para incrementar las posibilidades de una transferencia exitosa de los valores adventistas a la siguiente generaci\u00f3n. El Ministerio de la Familia produce materiales y provee oportunidades de aprendizaje dentro del marco de la iglesia y de la familia, dise\u00f1ados para capacitar a los padres para que presenten en forma atractiva los valores b\u00edblicos a los ni\u00f1os y j\u00f3venes. El departamento estimula una atm\u00f3sfera dentro de los hogares e iglesias, que promueve la formulaci\u00f3n de preguntas y la discusi\u00f3n constante en relaci\u00f3n con los valores y dogmas cristianos entre padres e hijos, j\u00f3venes y adultos, dirigentes y miembros, en un esfuerzo por fomentar el desarrollo de una fe madura.<\/p><p>4. Crear una experiencia tipo \u201cfamilia de Dios\u201d en cada Iglesia Adventista del S\u00e9ptimo D\u00eda. El Ministerio de la Familia fomenta una atm\u00f3sfera en la que se respeta y celebra la diversidad dentro del contexto de la congregaci\u00f3n y de la Iglesia mundial, reconociendo que tal unidad no se encuentra en la uniformidad, sino en Cristo, la Cabeza del cuerpo. Por medio de una entrega coparticipativa hacia un mensaje y misi\u00f3n comunes y una rec\u00edproca apertura, honestidad y vulnerabilidad con respecto a las relaciones entre unos y otros, la unidad que hemos encontrado en Cristo puede transformarse en una realidad viviente.<\/p><p>5. Facultar a las familias para una testificaci\u00f3n atractiva. Aparte de la prioridad dada al hogar como el m\u00e1s importante campo misionero, el Ministerio de la Familia ayuda a las familias a descubrir y utilizar sus dones espirituales en la comunidad que les rodea. El departamento anima y capacita a las familias para relacionarse en forma atrayente con miembros de la familia que no son creyentes, entablar amistad con sus vecinos, compartir las buenas nuevas de la vida en Cristo y apoyar a trav\u00e9s de sus oraciones, ofrendas y actos de servicio, los esfuerzos misioneros de la iglesia.<\/p>\t\t\t\t\t\t\t\t<\/div>\n\t\t\t\t<\/div>\n\t\t\t\t\t<\/div>\n\t\t<\/div>\n\t\t\t\t\t<\/div>\n\t\t<\/section>\n\t\t\t\t<\/div>\n\t\t","protected":false},"excerpt":{"rendered":"<p>DECLARACI\u00d3N DE MISI\u00d3NEl Departamento de Ministerios de la Familia busca fortalecer, inspirar esperanza y traer la curaci\u00f3n a los matrimonios, familias y a individuos a trav\u00e9s del amor abundante y gracia salvadora de Cristo Jes\u00fas. DECLARACI\u00d3N DE VISI\u00d3NPreparar a familias para el Reino de Dios para ayudar a acelerar la venida de Cristo Jes\u00fas. OBJETIVOSReconociendo [&hellip;]<\/p>\n","protected":false},"author":1,"featured_media":0,"parent":0,"menu_order":0,"comment_status":"closed","ping_status":"closed","template":"","meta":{"footnotes":""},"class_list":["post-11795","page","type-page","status-publish","hentry"],"jetpack_sharing_enabled":true,"_links":{"self":[{"href":"https:\/\/iap5.org\/index.php\/wp-json\/wp\/v2\/pages\/11795","targetHints":{"allow":["GET"]}}],"collection":[{"href":"https:\/\/iap5.org\/index.php\/wp-json\/wp\/v2\/pages"}],"about":[{"href":"https:\/\/iap5.org\/index.php\/wp-json\/wp\/v2\/types\/page"}],"author":[{"embeddable":true,"href":"https:\/\/iap5.org\/index.php\/wp-json\/wp\/v2\/users\/1"}],"replies":[{"embeddable":true,"href":"https:\/\/iap5.org\/index.php\/wp-json\/wp\/v2\/comments?post=11795"}],"version-history":[{"count":7,"href":"https:\/\/iap5.org\/index.php\/wp-json\/wp\/v2\/pages\/11795\/revisions"}],"predecessor-version":[{"id":12130,"href":"https:\/\/iap5.org\/index.php\/wp-json\/wp\/v2\/pages\/11795\/revisions\/12130"}],"wp:attachment":[{"href":"https:\/\/iap5.org\/index.php\/wp-json\/wp\/v2\/media?parent=11795"}],"curies":[{"name":"wp","href":"https:\/\/api.w.org\/{rel}","templated":true}]}}