{"id":10077,"date":"2018-04-07T11:29:02","date_gmt":"2018-04-07T15:29:02","guid":{"rendered":"https:\/\/iap5.org\/?page_id=10077"},"modified":"2018-04-07T12:08:46","modified_gmt":"2018-04-07T16:08:46","slug":"grupo-de-adoracion","status":"publish","type":"page","link":"https:\/\/iap5.org\/index.php\/grupo-de-adoracion\/","title":{"rendered":"Grupo de Adoraci\u00f3n"},"content":{"rendered":"<p><img data-recalc-dims=\"1\" fetchpriority=\"high\" decoding=\"async\" class=\"aligncenter size-large wp-image-10059\" src=\"https:\/\/i0.wp.com\/iap5.org\/wp-content\/uploads\/2018\/04\/Worship.jpg?resize=860%2C483&#038;ssl=1\" alt=\"\" width=\"860\" height=\"483\" srcset=\"https:\/\/i0.wp.com\/iap5.org\/wp-content\/uploads\/2018\/04\/Worship.jpg?resize=1024%2C575&amp;ssl=1 1024w, https:\/\/i0.wp.com\/iap5.org\/wp-content\/uploads\/2018\/04\/Worship.jpg?resize=300%2C168&amp;ssl=1 300w, https:\/\/i0.wp.com\/iap5.org\/wp-content\/uploads\/2018\/04\/Worship.jpg?resize=768%2C431&amp;ssl=1 768w, https:\/\/i0.wp.com\/iap5.org\/wp-content\/uploads\/2018\/04\/Worship.jpg?resize=260%2C146&amp;ssl=1 260w, https:\/\/i0.wp.com\/iap5.org\/wp-content\/uploads\/2018\/04\/Worship.jpg?w=1720&amp;ssl=1 1720w, https:\/\/i0.wp.com\/iap5.org\/wp-content\/uploads\/2018\/04\/Worship.jpg?w=2580&amp;ssl=1 2580w\" sizes=\"(max-width: 860px) 100vw, 860px\" \/><\/p>\n<p>Grupo de Adoraci\u00f3n de la Iglesia Adventista del S\u00e9ptimo D\u00eda Ponce 5<\/p>\n","protected":false},"excerpt":{"rendered":"<p>Grupo de Adoraci\u00f3n de la Iglesia Adventista del S\u00e9ptimo D\u00eda Ponce 5<\/p>\n","protected":false},"author":1,"featured_media":10059,"parent":0,"menu_order":0,"comment_status":"closed","ping_status":"closed","template":"","meta":{"footnotes":""},"class_list":["post-10077","page","type-page","status-publish","has-post-thumbnail","hentry"],"jetpack_sharing_enabled":true,"_links":{"self":[{"href":"https:\/\/iap5.org\/index.php\/wp-json\/wp\/v2\/pages\/10077","targetHints":{"allow":["GET"]}}],"collection":[{"href":"https:\/\/iap5.org\/index.php\/wp-json\/wp\/v2\/pages"}],"about":[{"href":"https:\/\/iap5.org\/index.php\/wp-json\/wp\/v2\/types\/page"}],"author":[{"embeddable":true,"href":"https:\/\/iap5.org\/index.php\/wp-json\/wp\/v2\/users\/1"}],"replies":[{"embeddable":true,"href":"https:\/\/iap5.org\/index.php\/wp-json\/wp\/v2\/comments?post=10077"}],"version-history":[{"count":4,"href":"https:\/\/iap5.org\/index.php\/wp-json\/wp\/v2\/pages\/10077\/revisions"}],"predecessor-version":[{"id":10081,"href":"https:\/\/iap5.org\/index.php\/wp-json\/wp\/v2\/pages\/10077\/revisions\/10081"}],"wp:featuredmedia":[{"embeddable":true,"href":"https:\/\/iap5.org\/index.php\/wp-json\/wp\/v2\/media\/10059"}],"wp:attachment":[{"href":"https:\/\/iap5.org\/index.php\/wp-json\/wp\/v2\/media?parent=10077"}],"curies":[{"name":"wp","href":"https:\/\/api.w.org\/{rel}","templated":true}]}}